{"id":2136,"date":"2020-12-16T14:55:29","date_gmt":"2020-12-16T13:55:29","guid":{"rendered":"https:\/\/moodbooster.de\/?post_type=product&#038;p=2136"},"modified":"2022-11-21T12:19:46","modified_gmt":"2022-11-21T11:19:46","slug":"lockdown-sucks","status":"publish","type":"product","link":"https:\/\/moodbooster.de\/en\/product\/lockdown-sucks\/","title":{"rendered":"LOCKDOWN S.U.C.K.S."},"content":{"rendered":"<p class=\"qtranxs-available-languages-message qtranxs-available-languages-message-en\">Sorry, this entry is only available in <a href=\"https:\/\/moodbooster.de\/de\/wp-json\/wp\/v2\/product\/2136\" class=\"qtranxs-available-language-link qtranxs-available-language-link-de\" title=\"Deutsch\">German<\/a>.<\/p>","protected":false},"excerpt":{"rendered":"<p>LOCKDOWN S.U.C.K.S.*<br \/>\n*<br \/>\nS \u2013 STAY HOME<br \/>\nU \u2013 USE MASK<br \/>\nC \u2013 CLEAN EVERYTHING<br \/>\nK \u2013 KEEP DISTANCE<br \/>\nS \u2013 SMILE<\/p>\n<p>Fruity and fresh. Smells like a vitamin cocktail. Gives you the energy to go through the hardest times. The perfect scent to overcome the lockdown.<\/p>\n<p>&nbsp;<\/p>\n<div>Pyramide:<\/div>\n<div>Head: Black currant<\/div>\n<div>Heart: Italian bergamot, Apples<\/div>\n<div>Base: Louisiana birch<\/div>\n<p>&nbsp;<\/p>\n","protected":false},"featured_media":2138,"comment_status":"closed","ping_status":"closed","template":"","meta":{"_monsterinsights_skip_tracking":false,"_monsterinsights_sitenote_active":false,"_monsterinsights_sitenote_note":"","_monsterinsights_sitenote_category":0},"product_cat":[362,361],"product_tag":[154,345,363,252],"acf":[],"yoast_head":"<!-- This site is optimized with the Yoast SEO plugin v21.8 - https:\/\/yoast.com\/wordpress\/plugins\/seo\/ -->\n<title>LOCKDOWN S.U.C.K.S. - Moodbooster<\/title>\n<meta name=\"robots\" content=\"index, follow, max-snippet:-1, max-image-preview:large, max-video-preview:-1\" \/>\n<link rel=\"canonical\" href=\"https:\/\/moodbooster.de\/product\/lockdown-sucks\/\" \/>\n<meta property=\"og:locale\" content=\"en_US\" \/>\n<meta property=\"og:type\" content=\"article\" \/>\n<meta property=\"og:title\" content=\"LOCKDOWN S.U.C.K.S. - Moodbooster\" \/>\n<meta property=\"og:description\" content=\"[:de]LOCKDOWN S.U.C.K.S.* * S \u2013 STAY HOME U \u2013 USE MASK C \u2013 CLEAN EVERYTHING K \u2013 KEEP DISTANCE S \u2013 SMILE  Fruchtig und frisch. Riecht nach einem Vitamincocktail. Gibt Dir die Energie, die schwierigsten Zeiten zu \u00fcberstehen. Der perfekte Duft, um den Lockdown zu \u00fcberleben.  Unser absoluter Favorit!  &nbsp;  Duftnoten: Kopf: Schwarze Johannisbeere Herz: Italienische Bergamotte, \u00c4pfel Basisnote: Birke  gesund und nat\u00fcrlich ru\u00df- und schadstofffrei 100% naturbelassenes Sojawachs hochwertiges Parfum made in France bereits als Geschenk verpackt lokal handgefertigt[:en]LOCKDOWN S.U.C.K.S.* * S \u2013 STAY HOME U \u2013 USE MASK C \u2013 CLEAN EVERYTHING K \u2013 KEEP DISTANCE S \u2013 SMILE  Fruity and fresh. Smells like a vitamin cocktail. Gives you the energy to go through the hardest times. The perfect scent to overcome the lockdown.  &nbsp; Pyramide: Head: Black currant Heart: Italian bergamot, Apples Base: Louisiana birch &nbsp;[:]\" \/>\n<meta property=\"og:url\" content=\"https:\/\/moodbooster.de\/product\/lockdown-sucks\/\" \/>\n<meta property=\"og:site_name\" content=\"Moodbooster\" \/>\n<meta property=\"article:publisher\" content=\"https:\/\/www.facebook.com\/moodboostercandles\" \/>\n<meta property=\"article:modified_time\" content=\"2022-11-21T11:19:46+00:00\" \/>\n<meta property=\"og:image\" content=\"https:\/\/moodbooster.de\/wp-content\/uploads\/2020\/12\/Bilder_HG_LOCKDOWN-sm.jpg\" \/>\n\t<meta property=\"og:image:width\" content=\"1200\" \/>\n\t<meta property=\"og:image:height\" content=\"1200\" \/>\n\t<meta property=\"og:image:type\" content=\"image\/jpeg\" \/>\n<meta name=\"twitter:card\" content=\"summary_large_image\" \/>\n<script type=\"application\/ld+json\" class=\"yoast-schema-graph\">{\"@context\":\"https:\/\/schema.org\",\"@graph\":[{\"@type\":\"WebPage\",\"@id\":\"https:\/\/moodbooster.de\/product\/lockdown-sucks\/\",\"url\":\"https:\/\/moodbooster.de\/product\/lockdown-sucks\/\",\"name\":\"LOCKDOWN S.U.C.K.S. - Moodbooster\",\"isPartOf\":{\"@id\":\"https:\/\/moodbooster.de\/#website\"},\"datePublished\":\"2020-12-16T13:55:29+00:00\",\"dateModified\":\"2022-11-21T11:19:46+00:00\",\"breadcrumb\":{\"@id\":\"https:\/\/moodbooster.de\/product\/lockdown-sucks\/#breadcrumb\"},\"inLanguage\":\"en-US\",\"potentialAction\":[{\"@type\":\"ReadAction\",\"target\":[\"https:\/\/moodbooster.de\/product\/lockdown-sucks\/\"]}]},{\"@type\":\"BreadcrumbList\",\"@id\":\"https:\/\/moodbooster.de\/product\/lockdown-sucks\/#breadcrumb\",\"itemListElement\":[{\"@type\":\"ListItem\",\"position\":1,\"name\":\"Startseite\",\"item\":\"https:\/\/moodbooster.de\/\"},{\"@type\":\"ListItem\",\"position\":2,\"name\":\"Shop\",\"item\":\"https:\/\/moodbooster.de\/shop\/\"},{\"@type\":\"ListItem\",\"position\":3,\"name\":\"LOCKDOWN S.U.C.K.S.\"}]},{\"@type\":\"WebSite\",\"@id\":\"https:\/\/moodbooster.de\/#website\",\"url\":\"https:\/\/moodbooster.de\/\",\"name\":\"Moodbooster\",\"description\":\"Scented candles for friends, travels and good mood.\",\"potentialAction\":[{\"@type\":\"SearchAction\",\"target\":{\"@type\":\"EntryPoint\",\"urlTemplate\":\"https:\/\/moodbooster.de\/?s={search_term_string}\"},\"query-input\":\"required name=search_term_string\"}],\"inLanguage\":\"en-US\"}]}<\/script>\n<!-- \/ Yoast SEO plugin. -->","yoast_head_json":{"title":"LOCKDOWN S.U.C.K.S. - Moodbooster","robots":{"index":"index","follow":"follow","max-snippet":"max-snippet:-1","max-image-preview":"max-image-preview:large","max-video-preview":"max-video-preview:-1"},"canonical":"https:\/\/moodbooster.de\/product\/lockdown-sucks\/","og_locale":"en_US","og_type":"article","og_title":"LOCKDOWN S.U.C.K.S. - Moodbooster","og_description":"[:de]LOCKDOWN S.U.C.K.S.* * S \u2013 STAY HOME U \u2013 USE MASK C \u2013 CLEAN EVERYTHING K \u2013 KEEP DISTANCE S \u2013 SMILE  Fruchtig und frisch. Riecht nach einem Vitamincocktail. Gibt Dir die Energie, die schwierigsten Zeiten zu \u00fcberstehen. Der perfekte Duft, um den Lockdown zu \u00fcberleben.  Unser absoluter Favorit!  &nbsp;  Duftnoten: Kopf: Schwarze Johannisbeere Herz: Italienische Bergamotte, \u00c4pfel Basisnote: Birke  gesund und nat\u00fcrlich ru\u00df- und schadstofffrei 100% naturbelassenes Sojawachs hochwertiges Parfum made in France bereits als Geschenk verpackt lokal handgefertigt[:en]LOCKDOWN S.U.C.K.S.* * S \u2013 STAY HOME U \u2013 USE MASK C \u2013 CLEAN EVERYTHING K \u2013 KEEP DISTANCE S \u2013 SMILE  Fruity and fresh. Smells like a vitamin cocktail. Gives you the energy to go through the hardest times. The perfect scent to overcome the lockdown.  &nbsp; Pyramide: Head: Black currant Heart: Italian bergamot, Apples Base: Louisiana birch &nbsp;[:]","og_url":"https:\/\/moodbooster.de\/product\/lockdown-sucks\/","og_site_name":"Moodbooster","article_publisher":"https:\/\/www.facebook.com\/moodboostercandles","article_modified_time":"2022-11-21T11:19:46+00:00","og_image":[{"width":1200,"height":1200,"url":"https:\/\/moodbooster.de\/wp-content\/uploads\/2020\/12\/Bilder_HG_LOCKDOWN-sm.jpg","type":"image\/jpeg"}],"twitter_card":"summary_large_image","schema":{"@context":"https:\/\/schema.org","@graph":[{"@type":"WebPage","@id":"https:\/\/moodbooster.de\/product\/lockdown-sucks\/","url":"https:\/\/moodbooster.de\/product\/lockdown-sucks\/","name":"LOCKDOWN S.U.C.K.S. - Moodbooster","isPartOf":{"@id":"https:\/\/moodbooster.de\/#website"},"datePublished":"2020-12-16T13:55:29+00:00","dateModified":"2022-11-21T11:19:46+00:00","breadcrumb":{"@id":"https:\/\/moodbooster.de\/product\/lockdown-sucks\/#breadcrumb"},"inLanguage":"en-US","potentialAction":[{"@type":"ReadAction","target":["https:\/\/moodbooster.de\/product\/lockdown-sucks\/"]}]},{"@type":"BreadcrumbList","@id":"https:\/\/moodbooster.de\/product\/lockdown-sucks\/#breadcrumb","itemListElement":[{"@type":"ListItem","position":1,"name":"Startseite","item":"https:\/\/moodbooster.de\/"},{"@type":"ListItem","position":2,"name":"Shop","item":"https:\/\/moodbooster.de\/shop\/"},{"@type":"ListItem","position":3,"name":"LOCKDOWN S.U.C.K.S."}]},{"@type":"WebSite","@id":"https:\/\/moodbooster.de\/#website","url":"https:\/\/moodbooster.de\/","name":"Moodbooster","description":"Scented candles for friends, travels and good mood.","potentialAction":[{"@type":"SearchAction","target":{"@type":"EntryPoint","urlTemplate":"https:\/\/moodbooster.de\/?s={search_term_string}"},"query-input":"required name=search_term_string"}],"inLanguage":"en-US"}]}},"_links":{"self":[{"href":"https:\/\/moodbooster.de\/en\/wp-json\/wp\/v2\/product\/2136"}],"collection":[{"href":"https:\/\/moodbooster.de\/en\/wp-json\/wp\/v2\/product"}],"about":[{"href":"https:\/\/moodbooster.de\/en\/wp-json\/wp\/v2\/types\/product"}],"replies":[{"embeddable":true,"href":"https:\/\/moodbooster.de\/en\/wp-json\/wp\/v2\/comments?post=2136"}],"wp:featuredmedia":[{"embeddable":true,"href":"https:\/\/moodbooster.de\/en\/wp-json\/wp\/v2\/media\/2138"}],"wp:attachment":[{"href":"https:\/\/moodbooster.de\/en\/wp-json\/wp\/v2\/media?parent=2136"}],"wp:term":[{"taxonomy":"product_cat","embeddable":true,"href":"https:\/\/moodbooster.de\/en\/wp-json\/wp\/v2\/product_cat?post=2136"},{"taxonomy":"product_tag","embeddable":true,"href":"https:\/\/moodbooster.de\/en\/wp-json\/wp\/v2\/product_tag?post=2136"}],"curies":[{"name":"wp","href":"https:\/\/api.w.org\/{rel}","templated":true}]}}