{"id":1628,"date":"2017-02-14T12:34:45","date_gmt":"2017-02-14T11:34:45","guid":{"rendered":"http:\/\/moodbooster.de\/?post_type=product&#038;p=1628"},"modified":"2024-01-17T08:57:55","modified_gmt":"2024-01-17T07:57:55","slug":"chill-out","status":"publish","type":"product","link":"https:\/\/moodbooster.de\/en\/product\/chill-out\/","title":{"rendered":"Chill out"},"content":{"rendered":"<p><\/p>\n<h4 class=\"p1\"><span class=\"s1\" style=\"font-size: 15px;\"><b>Soy wax candles composed of\u00a0100% natural materials.<\/b><\/span><\/h4>\n<p>Top\u00a0note\u00a0: bio-lavender<\/p>\n<p>Base\u00a0note :\u00a0Provence&#8217;s flowers<\/p>\n<p>Burn time\u00a0: approx. 45 hours<\/p>\n<p>&nbsp;<\/p>\n<p><span style=\"font-size: 12.0pt; font-family: Georgia; color: #333333;\">Never leave burning candles<span class=\"apple-converted-space\">\u00a0<\/span>unattended. Keep candles out of reach of children and pets. Do not burn a candles near flammable objects.<\/span><\/p>","protected":false},"excerpt":{"rendered":"<p>Ideal to chill on the sofa or for a relaxing yoga session.<\/p>\n<p>The incredibly refreshing bio-lavender fragrance helps you relieve the stress and enjoy the moment.<\/p>\n<p>&nbsp;<\/p>\n<p>Top\u00a0note\u00a0: bio-lavender<\/p>\n<p>Base\u00a0note :\u00a0Provence&#039;s flowers<\/p>\n<p>Burn time\u00a0: approx. 45 hours<\/p>\n","protected":false},"featured_media":1931,"comment_status":"closed","ping_status":"closed","template":"","meta":{"_monsterinsights_skip_tracking":false,"_monsterinsights_sitenote_active":false,"_monsterinsights_sitenote_note":"","_monsterinsights_sitenote_category":0},"product_cat":[272],"product_tag":[180,171,154,255,205,207],"acf":[],"yoast_head":"<!-- This site is optimized with the Yoast SEO plugin v21.8 - https:\/\/yoast.com\/wordpress\/plugins\/seo\/ -->\n<title>Chill out Lavendel Duftkerze f\u00fcrs Chillen oder Yoga - Moodbooster<\/title>\n<meta name=\"description\" content=\"Ideal f\u00fcrs Chillen auf dem Sofa oder f\u00fcr Yoga-Session. Mit seinem Lavendel-Duft hilft\u00a0diese Kerze Dir, Dich zu entspannen und den Moment zu genie\u00dfen.\" \/>\n<meta name=\"robots\" content=\"index, follow, max-snippet:-1, max-image-preview:large, max-video-preview:-1\" \/>\n<link rel=\"canonical\" href=\"https:\/\/moodbooster.de\/product\/chill-out\/\" \/>\n<meta property=\"og:locale\" content=\"en_US\" \/>\n<meta property=\"og:type\" content=\"article\" \/>\n<meta property=\"og:title\" content=\"Chill out Lavendel Duftkerze f\u00fcrs Chillen oder Yoga - Moodbooster\" \/>\n<meta property=\"og:description\" content=\"Ideal f\u00fcrs Chillen auf dem Sofa oder f\u00fcr Yoga-Session. Mit seinem Lavendel-Duft hilft\u00a0diese Kerze Dir, Dich zu entspannen und den Moment zu genie\u00dfen.\" \/>\n<meta property=\"og:url\" content=\"https:\/\/moodbooster.de\/product\/chill-out\/\" \/>\n<meta property=\"og:site_name\" content=\"Moodbooster\" \/>\n<meta property=\"article:publisher\" content=\"https:\/\/www.facebook.com\/moodboostercandles\" \/>\n<meta property=\"article:modified_time\" content=\"2024-01-17T07:57:55+00:00\" \/>\n<meta property=\"og:image\" content=\"https:\/\/moodbooster.de\/wp-content\/uploads\/2018\/11\/ChillOut_Duftkerze_Naturkerze_Dating_Datenight_Geschenk.jpg\" \/>\n\t<meta property=\"og:image:width\" content=\"900\" \/>\n\t<meta property=\"og:image:height\" content=\"900\" \/>\n\t<meta property=\"og:image:type\" content=\"image\/jpeg\" \/>\n<meta name=\"twitter:card\" content=\"summary_large_image\" \/>\n<meta name=\"twitter:label1\" content=\"Est. reading time\" \/>\n\t<meta name=\"twitter:data1\" content=\"1 minute\" \/>\n<script type=\"application\/ld+json\" class=\"yoast-schema-graph\">{\"@context\":\"https:\/\/schema.org\",\"@graph\":[{\"@type\":\"WebPage\",\"@id\":\"https:\/\/moodbooster.de\/product\/chill-out\/\",\"url\":\"https:\/\/moodbooster.de\/product\/chill-out\/\",\"name\":\"Chill out Lavendel Duftkerze f\u00fcrs Chillen oder Yoga - Moodbooster\",\"isPartOf\":{\"@id\":\"https:\/\/moodbooster.de\/#website\"},\"datePublished\":\"2017-02-14T11:34:45+00:00\",\"dateModified\":\"2024-01-17T07:57:55+00:00\",\"description\":\"Ideal f\u00fcrs Chillen auf dem Sofa oder f\u00fcr Yoga-Session. Mit seinem Lavendel-Duft hilft\u00a0diese Kerze Dir, Dich zu entspannen und den Moment zu genie\u00dfen.\",\"breadcrumb\":{\"@id\":\"https:\/\/moodbooster.de\/product\/chill-out\/#breadcrumb\"},\"inLanguage\":\"en-US\",\"potentialAction\":[{\"@type\":\"ReadAction\",\"target\":[\"https:\/\/moodbooster.de\/product\/chill-out\/\"]}]},{\"@type\":\"BreadcrumbList\",\"@id\":\"https:\/\/moodbooster.de\/product\/chill-out\/#breadcrumb\",\"itemListElement\":[{\"@type\":\"ListItem\",\"position\":1,\"name\":\"Startseite\",\"item\":\"https:\/\/moodbooster.de\/\"},{\"@type\":\"ListItem\",\"position\":2,\"name\":\"Shop\",\"item\":\"https:\/\/moodbooster.de\/shop\/\"},{\"@type\":\"ListItem\",\"position\":3,\"name\":\"Chill out\"}]},{\"@type\":\"WebSite\",\"@id\":\"https:\/\/moodbooster.de\/#website\",\"url\":\"https:\/\/moodbooster.de\/\",\"name\":\"Moodbooster\",\"description\":\"Scented candles for friends, travels and good mood.\",\"potentialAction\":[{\"@type\":\"SearchAction\",\"target\":{\"@type\":\"EntryPoint\",\"urlTemplate\":\"https:\/\/moodbooster.de\/?s={search_term_string}\"},\"query-input\":\"required name=search_term_string\"}],\"inLanguage\":\"en-US\"}]}<\/script>\n<!-- \/ Yoast SEO plugin. -->","yoast_head_json":{"title":"Chill out Lavendel Duftkerze f\u00fcrs Chillen oder Yoga - Moodbooster","description":"Ideal f\u00fcrs Chillen auf dem Sofa oder f\u00fcr Yoga-Session. Mit seinem Lavendel-Duft hilft\u00a0diese Kerze Dir, Dich zu entspannen und den Moment zu genie\u00dfen.","robots":{"index":"index","follow":"follow","max-snippet":"max-snippet:-1","max-image-preview":"max-image-preview:large","max-video-preview":"max-video-preview:-1"},"canonical":"https:\/\/moodbooster.de\/product\/chill-out\/","og_locale":"en_US","og_type":"article","og_title":"Chill out Lavendel Duftkerze f\u00fcrs Chillen oder Yoga - Moodbooster","og_description":"Ideal f\u00fcrs Chillen auf dem Sofa oder f\u00fcr Yoga-Session. Mit seinem Lavendel-Duft hilft\u00a0diese Kerze Dir, Dich zu entspannen und den Moment zu genie\u00dfen.","og_url":"https:\/\/moodbooster.de\/product\/chill-out\/","og_site_name":"Moodbooster","article_publisher":"https:\/\/www.facebook.com\/moodboostercandles","article_modified_time":"2024-01-17T07:57:55+00:00","og_image":[{"width":900,"height":900,"url":"https:\/\/moodbooster.de\/wp-content\/uploads\/2018\/11\/ChillOut_Duftkerze_Naturkerze_Dating_Datenight_Geschenk.jpg","type":"image\/jpeg"}],"twitter_card":"summary_large_image","twitter_misc":{"Est. reading time":"1 minute"},"schema":{"@context":"https:\/\/schema.org","@graph":[{"@type":"WebPage","@id":"https:\/\/moodbooster.de\/product\/chill-out\/","url":"https:\/\/moodbooster.de\/product\/chill-out\/","name":"Chill out Lavendel Duftkerze f\u00fcrs Chillen oder Yoga - Moodbooster","isPartOf":{"@id":"https:\/\/moodbooster.de\/#website"},"datePublished":"2017-02-14T11:34:45+00:00","dateModified":"2024-01-17T07:57:55+00:00","description":"Ideal f\u00fcrs Chillen auf dem Sofa oder f\u00fcr Yoga-Session. Mit seinem Lavendel-Duft hilft\u00a0diese Kerze Dir, Dich zu entspannen und den Moment zu genie\u00dfen.","breadcrumb":{"@id":"https:\/\/moodbooster.de\/product\/chill-out\/#breadcrumb"},"inLanguage":"en-US","potentialAction":[{"@type":"ReadAction","target":["https:\/\/moodbooster.de\/product\/chill-out\/"]}]},{"@type":"BreadcrumbList","@id":"https:\/\/moodbooster.de\/product\/chill-out\/#breadcrumb","itemListElement":[{"@type":"ListItem","position":1,"name":"Startseite","item":"https:\/\/moodbooster.de\/"},{"@type":"ListItem","position":2,"name":"Shop","item":"https:\/\/moodbooster.de\/shop\/"},{"@type":"ListItem","position":3,"name":"Chill out"}]},{"@type":"WebSite","@id":"https:\/\/moodbooster.de\/#website","url":"https:\/\/moodbooster.de\/","name":"Moodbooster","description":"Scented candles for friends, travels and good mood.","potentialAction":[{"@type":"SearchAction","target":{"@type":"EntryPoint","urlTemplate":"https:\/\/moodbooster.de\/?s={search_term_string}"},"query-input":"required name=search_term_string"}],"inLanguage":"en-US"}]}},"_links":{"self":[{"href":"https:\/\/moodbooster.de\/en\/wp-json\/wp\/v2\/product\/1628"}],"collection":[{"href":"https:\/\/moodbooster.de\/en\/wp-json\/wp\/v2\/product"}],"about":[{"href":"https:\/\/moodbooster.de\/en\/wp-json\/wp\/v2\/types\/product"}],"replies":[{"embeddable":true,"href":"https:\/\/moodbooster.de\/en\/wp-json\/wp\/v2\/comments?post=1628"}],"wp:featuredmedia":[{"embeddable":true,"href":"https:\/\/moodbooster.de\/en\/wp-json\/wp\/v2\/media\/1931"}],"wp:attachment":[{"href":"https:\/\/moodbooster.de\/en\/wp-json\/wp\/v2\/media?parent=1628"}],"wp:term":[{"taxonomy":"product_cat","embeddable":true,"href":"https:\/\/moodbooster.de\/en\/wp-json\/wp\/v2\/product_cat?post=1628"},{"taxonomy":"product_tag","embeddable":true,"href":"https:\/\/moodbooster.de\/en\/wp-json\/wp\/v2\/product_tag?post=1628"}],"curies":[{"name":"wp","href":"https:\/\/api.w.org\/{rel}","templated":true}]}}