{"id":377,"date":"2016-10-24T13:26:20","date_gmt":"2016-10-24T11:26:20","guid":{"rendered":"http:\/\/demo-content.kaliumtheme.com\/fashion\/?page_id=377"},"modified":"2020-08-10T18:55:16","modified_gmt":"2020-08-10T16:55:16","slug":"terms-conditions","status":"publish","type":"page","link":"https:\/\/moodbooster.de\/en\/about\/terms-conditions\/","title":{"rendered":"Terms &#038; Conditions"},"content":{"rendered":"<div class=\"wpb-content-wrapper\"><p>[vc_row][vc_column][lab_heading title=&#8221;Terms &amp; Conditions&#8221;][\/lab_heading][vc_column_text]Papst Design Studio, Lodenfrey-Park Haus F 21 | Osterwaldstrasse, 10 | 80805 M\u00fcnchen, Deutschland<br \/>\nTelefon: (+49)\u00a00 89 960 150 19<br \/>\nE-Mail:\u00a0contact@moodbooster.de<br \/>\nUmsatzsteueridentifikationsnummer: DE190443395<\/p>\n<p><strong>&#8211; nachfolgend Moodbooster\u00a0genannt &#8211;<\/strong><br \/>\nDie nachfolgenden Gesch\u00e4ftsbedingungen sind in deutscher Sprache verfasst und k\u00f6nnen von dem Kunden in seinen Arbeitsspeicher geladen werden. Auf Wunsch k\u00f6nnen sie unter www.moodbooster.de\/contact\/. unter der E-Mail-Adresse contact@moodbooster.de in digitaler oder schriftlicher Form angefordert werden. Sie werden dem Kunden zus\u00e4tzlich mit jeder Einkaufsbest\u00e4tigung als PDF-Datei \u00fcbermittelt.<\/p>\n<p><strong>Pr\u00e4ambel<\/strong><br \/>\nMoodbooster\u00a0betreibt zu gewerblichen Zwecken unter der Domain www.moodbooster.de\u00a0eine Homepage. Moodbooster\u00a0bietet Kunden auf dieser Website Duftkerzen zum Kauf \u00fcber das Internet an.<\/p>\n<p><strong>\u00a7 1 Produktauswahl<\/strong><br \/>\n(1) Der Kunde hat die M\u00f6glichkeit, auf der oben genannten Website Produkte auszuw\u00e4hlen und zu bestellen. (2) Hinsichtlich jedes Produkts erh\u00e4lt der Kunde eine gesonderte Produktbeschreibung auf der jeweiligen Website. Diese Produktbeschreibung erh\u00e4lt der Kunde zus\u00e4tzlich in gedruckter Form, wenn ihm die bestellte Ware ausgeliefert wird. (3) Der Kunde kann die von ihm gew\u00fcnschten Produkte auf der Website anklicken. Diese werden in einem virtuellen Warenkorb gesammelt und der Kunde erh\u00e4lt zum Ende seines Einkaufs eine Zusammenstellung der Produkte zum Gesamtendpreis inklusive Mehrwertsteuer. (4) Vor Versendung der Bestellung erm\u00f6glicht Moodbooster\u00a0dem Kunden, die Bestellung auf ihre inhaltliche Richtigkeit, insbesondere auf Preis und Menge, zu \u00fcberpr\u00fcfen und gegebenenfalls zu korrigieren.<\/p>\n<p><strong>\u00a7 2 Widerruf (nur f\u00fcr Kunden, die Verbraucher sind)<\/strong><\/p>\n<p>*** Widerrufsbelehrung ***<\/p>\n<p><b>Widerrufsrecht<\/b><\/p>\n<p>Sie haben das Recht, binnen vierzehn Tagen ohne Angabe von Gr\u00fcnden diesen Vertrag zu widerrufen. Die Widerrufsfrist betr\u00e4gt vierzehn Tage ab dem Tag, an dem Sie oder ein von Ihnen benannter Dritter, der nicht der Bef\u00f6rderer ist, die Waren in Besitz genommen haben bzw. hat.<\/p>\n<p>Um Ihr Widerrufsrecht auszu\u00fcben, m\u00fcssen Sie uns (Papst Design Studio | Lodenfrey-Park Haus F 21, Osterwaldstrasse, 10 | 80805 M\u00fcnchen, Deutschland | Telefon : (+49)\u00a00 89 960 150 19, Email : contact@moodbooster.de) \u00a0mittels einer eindeutigen Erkl\u00e4rung( z. B. ein mit der Post versandter Brief, Telefax oder E-Mail) \u00fcber Ihren Entschluss, diesen Vertrag zu widerrufen, informieren. Sie k\u00f6nnen daf\u00fcr das beigef\u00fcgte Muster-Widerrufsformular verwenden, das jedoch nicht vorgeschrieben ist.Zur Wahrung der Widerrufsfrist reicht es aus, dass Sie die Mitteilung \u00fcber die Aus\u00fcbung des Widerrufsrechts vor Ablauf der Widerrufsfrist absenden.<b><\/b><\/p>\n<p><b>Folgen des Widerrufs<\/b><\/p>\n<p>Wenn Sie diesen Vertrag widerrufen, haben wir Ihnen alle Zahlungen, die wir von Ihnen erhalten haben, einschlie\u00dflich der Lieferkosten (mit Ausnahme der zus\u00e4tzlichen Kosten, die sich daraus ergeben, dass Sie eine andere Art der Lieferung als die von uns angebotene, g\u00fcnstigste Standardlieferung gew\u00e4hlt haben), unverz\u00fcglich und sp\u00e4testens binnen vierzehn Tagen ab dem Tag zur\u00fcckzuzahlen, an dem die Mitteilung \u00fcber Ihren Widerruf dieses Vertrags bei uns eingegangen ist. F\u00fcr diese R\u00fcckzahlung verwenden wir dasselbe Zahlungsmittel, das Sie bei der urspr\u00fcnglichen Transaktion eingesetzt haben, es sei denn, mit Ihnen wurde ausdr\u00fccklich etwas anderes vereinbart; in keinem Fall werden Ihnen wegen dieser R\u00fcckzahlung Entgelte berechnet. Wir k\u00f6nnen die R\u00fcckzahlung verweigern, bis wir die Waren wieder zur\u00fcckerhalten haben oder bis Sie den Nachweis erbracht haben, dass Sie die Waren zur\u00fcckgesandt haben, je nachdem, welches der fr\u00fchere Zeitpunkt ist.Sie haben die Waren unverz\u00fcglich und in jedem Fall sp\u00e4testens binnen vierzehn Tagen ab dem Tag, an dem Sie uns \u00fcber den Widerruf dieses Vertrags unterrichten, an uns zur\u00fcckzusenden oder zu \u00fcbergeben. Die Frist ist gewahrt, wenn Sie die Waren vor Ablauf der Frist von vierzehn Tagen absenden.Wir tragen die Kosten der R\u00fccksendung der Waren.Sie m\u00fcssen f\u00fcr einen etwaigen Wertverlust der Waren nur aufkommen, wenn dieser Wertverlust auf einen zur Pr\u00fcfung der Beschaffenheit, Eigenschaften und Funktionsweise der Waren nicht notwendigen Umgang mit ihnen zur\u00fcckzuf\u00fchren ist.<\/p>\n<p>*** Ende der Widerrufsbelehrung ***<b><\/b><\/p>\n<p><b>Muster-Widerrufsformular<\/b><\/p>\n<p>Wenn Sie den Vertrag widerrufen wollen, dann f\u00fcllen Sie bitte dieses Formular aus und senden Sie es zur\u00fcck.<br \/>\n\u2013 An Papst Design Studio, Lodenfrey-Park Haus F 21, Osterwaldstrasse,10 | 80805 M\u00fcnchen, Deutschland (Telefon : (+49)\u00a00 89 960 150 19, Email : contact@moodbooster.de) \u2013 Hiermit widerrufe(n) ich\/wir (*) den von mir\/uns (*) abgeschlossenen Vertrag \u00fcber den Kauf der folgenden Waren (*)\/die Erbringung der folgenden Dienstleistung (*)<br \/>\n\u2013 Bestellt am (*)\/erhalten am (*)<br \/>\n\u2013 Name des\/der Verbraucher(s)<br \/>\n\u2013 Anschrift des\/der Verbraucher(s)<br \/>\n\u2013 Unterschrift des\/der Verbraucher(s) (nur bei Mitteilung auf Papier)<br \/>\n\u2013 Datum<br \/>\n(*) Unzutreffendes streichen.<\/p>\n<p><b>Allgemeine Hinweise:<\/b><\/p>\n<p>Bitte vermeiden Sie Besch\u00e4digungen und Verunreinigungen der Ware. Senden Sie die Ware bitte m\u00f6glichst in Originalverpackung mit s\u00e4mtlichem Zubeh\u00f6r und mit allen Verpackungsbestandteilen an uns zur\u00fcck. Verwenden Sie ggf. eine sch\u00fctzende Umverpackung. Wenn Sie die Originalverpackung nicht mehr besitzen, sorgen Sie bitte mit einer geeigneten Verpackung f\u00fcr einen ausreichenden Schutz vor Transportsch\u00e4den.<\/p>\n<p><strong>Hinsendekosten:<\/strong><\/p>\n<p>Wenn Sie von Ihrem gesetzlichen Widerrufsrecht Gebrauch machen, erstatten wir Ihnen die Kosten der Zusendung der Ware von uns zu Ihnen. Machen Sie bei mehreren bestellten Waren nur bez\u00fcglich eines Teils der Waren von Ihrem gesetzlichen Widerrufsrecht Gebrauch, so erstatten wir Ihnen die Kosten der Zusendung dieser Waren, sofern diese Kosten die Kosten f\u00fcr die Zusendung der bei Ihnen verbleibenden Waren \u00fcbersteigen w\u00fcrden.<\/p>\n<p><strong>\u00a7 3 Vertragsschluss<\/strong><br \/>\n(1) Die Darstellung der Produkte im Online-Shop stellt kein rechtlich bindendes Angebot, sondern einen unverbindlichen Online-Katalog dar. Durch Anklicken des Buttons [\u201ezahlungspflichtig bestellen\u201d \u201c]geben Sie eine verbindliche Bestellung der im Warenkorb enthaltenen Waren ab.<br \/>\n(2) Die Best\u00e4tigung des Eingangs Ihrer Bestellung erfolgt zusammen mit der Annahme der Bestellung unmittelbar nach dem Absenden durch automatisierte E-Mail. Mit dieser E-Mail-Best\u00e4tigung ist der Kaufvertrag zustande gekommen.<br \/>\n(3) Wir speichern den Vertragstext und senden Ihnen die Bestelldaten per E-Mail zu. Ihre Bestelldaten sind aus Sicherheitsgr\u00fcnden nicht mehr \u00fcber das Internet zug\u00e4nglich.<\/p>\n<p><strong>\u00a7 4 Durchf\u00fchrung des Vertrags<\/strong><br \/>\nAuslieferung<br \/>\nSoweit die Bestellung best\u00e4tigt worden ist, wird Moodbooster\u00a0diese bei vereinbarter Vorkasse innerhalb von maximal 7 Werktagen nach Zahlungseingang, ansonsten innerhalb von maximal 7 Werktagen nach Eingang der Bestellung ausliefern, sofern bei den einzelnen Produkten nicht abweichende Lieferzeiten angegeben sind.<br \/>\n<strong>\u00a7 5 Zahlungsbedingungen<\/strong><\/p>\n<p>(1) Moodbooster\u00a0stellt dem Kunden f\u00fcr die bestellte Ware eine Rechnung aus, die ihm bei Lieferung der Ware ausgeh\u00e4ndigt oder per E-Mail verschickt wird, sofern die entsprechenden Angaben nicht bereits in der Best\u00e4tigungs-E-Mail enthalten sind. Auf die \u00dcbersendung einer Rechnung in Papierform verzichtet der Kunde.<br \/>\nMoodbooster\u00a0liefert gegen Vorkasse per PayPal oder Bank\u00fcberweisung.<\/p>\n<p><strong>\u00a7 7 Gew\u00e4hrleistung und Haftung<\/strong><br \/>\n(1) Sie sind verpflichtet, die Ware unverz\u00fcglich und mit der gebotenen Sorgfalt auf Qualit\u00e4ts- und<br \/>\nMengenabweichungen zu untersuchen und uns offensichtliche M\u00e4ngel binnen 7 Tagen ab Empfang der Ware<br \/>\nschriftlich anzuzeigen, zur Fristwahrung reicht die rechtzeitige Absendung. Dies gilt auch f\u00fcr sp\u00e4ter festgestellte<br \/>\nverdeckte M\u00e4ngel ab Entdeckung. Bei Verletzung der Untersuchungs- und R\u00fcgepflicht ist die Geltendmachung<br \/>\nder Gew\u00e4hrleistungsanspr\u00fcche ausgeschlossen.<\/p>\n<p>(2) Bei M\u00e4ngeln leisten wir nach unserer Wahl Gew\u00e4hr durch Nachbesserung oder Ersatzlieferung. Schl\u00e4gt die<br \/>\nMangelbeseitigung fehl, k\u00f6nnen Sie nach Ihrer Wahl Minderung verlangen oder vom Vertrag zur\u00fccktreten. Die<br \/>\nM\u00e4ngelbeseitigung gilt nach erfolglosem zweiten Versuch als fehlgeschlagen, wenn sich nicht insbesondere aus<br \/>\nder Art der Sache oder des Mangels oder den sonstigen Umst\u00e4nden etwas anderes ergibt. Im Falle der<br \/>\nNachbesserung m\u00fcssen wir nicht die erh\u00f6hten Kosten tragen, die durch die Verbringung der Ware an einen<br \/>\nanderen Ort als den Erf\u00fcllungsort entstehen, sofern die Verbringung nicht dem bestimmungsgem\u00e4\u00dfen Gebrauch<br \/>\nder Ware entspricht.<\/p>\n<p><strong>\u00a7 8 H\u00f6here Gewalt<\/strong><br \/>\n(1) F\u00fcr den Fall, dass Moodbooster\u00a0die geschuldete Leistung aufgrund h\u00f6herer Gewalt (insbesondere Krieg, Naturkatastrophen) nicht erbringen kann, ist sie f\u00fcr die Dauer der Verhinderung von ihren Leistungspflichten befreit.<br \/>\n<strong>\u00a7 9 Datenschutz<\/strong><br \/>\nMoodbooster\u00a0wird s\u00e4mtliche datenschutzrechtlichen Erfordernisse, insbesondere die Vorgaben des Telemediengesetzes, beachten. N\u00e4heres kann der Datenschutzerkl\u00e4rung entnommen werden. Sofern wir in Vorleistung treten oder f\u00fcr Unternehmen gegen Rechnung liefern, behalten wir uns zur Wahrung unserer berechtigten Interessen vor, ggf. eine Bonit\u00e4tsauskunft einzuholen. Ihre schutzw\u00fcrdigen Belange werden gem\u00e4\u00df den gesetzlichen Bestimmungen ber\u00fccksichtigt. Eine Weitergabe der hierf\u00fcr ben\u00f6tigten Daten an sonstige Dritte erfolgt nicht.<\/p>\n<div id=\"wrapper\" class=\"pt_customer-service\">\n<div id=\"main\" class=\"page-content clearfix\">\n<div id=\"primary\" class=\"primary-content\">\n<section>\n<div class=\"content-asset\">\n<p><strong>\u00a7 10 Schlussbestimmungen<\/strong><br \/>\n(1) Vertragssprache ist Deutsch.<\/p>\n<p>(2) Sollte eine Bestimmung dieser Bedingungen nichtig sein oder werden, so tritt an ihre Stelle die gesetzliche Regelung.<\/p>\n<\/div>\n<\/section>\n<\/div>\n<\/div>\n<\/div>\n<footer>\n<div class=\"wrapper__inner\"><\/div>\n<\/footer>\n<p>[\/vc_column_text][\/vc_column][\/vc_row]<\/p>\n<\/div>","protected":false},"excerpt":{"rendered":"<p>[vc_row][vc_column][lab_heading title=&#8221;Terms &amp; Conditions&#8221;][\/lab_heading][vc_column_text]Papst Design Studio, Lodenfrey-Park Haus F 21 | Osterwaldstrasse, 10 | 80805 M\u00fcnchen, Deutschland Telefon: (+49)\u00a00 89 960 150 19 E-Mail:\u00a0contact@moodbooster.de Umsatzsteueridentifikationsnummer: DE190443395 &#8211; nachfolgend Moodbooster\u00a0genannt &#8211; Die nachfolgenden Gesch\u00e4ftsbedingungen sind in deutscher Sprache verfasst und k\u00f6nnen von dem Kunden in seinen Arbeitsspeicher geladen werden. Auf Wunsch k\u00f6nnen sie unter www.moodbooster.de\/contact\/. unter&hellip;<\/p>\n","protected":false},"author":1,"featured_media":0,"parent":1519,"menu_order":0,"comment_status":"closed","ping_status":"closed","template":"","meta":{"_monsterinsights_skip_tracking":false,"_monsterinsights_sitenote_active":false,"_monsterinsights_sitenote_note":"","_monsterinsights_sitenote_category":0,"footnotes":""},"acf":[],"yoast_head":"<!-- This site is optimized with the Yoast SEO plugin v21.8 - https:\/\/yoast.com\/wordpress\/plugins\/seo\/ -->\n<title>Terms and conditions - AGB Moodbooster Duftkerzen<\/title>\n<meta name=\"description\" content=\"Terms and conditions - Gesch\u00e4ftsbedingungen - Moodbooster Duftkerzen\" \/>\n<meta name=\"robots\" content=\"index, follow, max-snippet:-1, max-image-preview:large, max-video-preview:-1\" \/>\n<link rel=\"canonical\" href=\"https:\/\/moodbooster.de\/about\/terms-conditions\/\" \/>\n<meta property=\"og:locale\" content=\"en_US\" \/>\n<meta property=\"og:type\" content=\"article\" \/>\n<meta property=\"og:title\" content=\"Terms and conditions - AGB Moodbooster Duftkerzen\" \/>\n<meta property=\"og:description\" content=\"Terms and conditions - Gesch\u00e4ftsbedingungen - Moodbooster Duftkerzen\" \/>\n<meta property=\"og:url\" content=\"https:\/\/moodbooster.de\/about\/terms-conditions\/\" \/>\n<meta property=\"og:site_name\" content=\"Moodbooster\" \/>\n<meta property=\"article:publisher\" content=\"https:\/\/www.facebook.com\/moodboostercandles\" \/>\n<meta property=\"article:modified_time\" content=\"2020-08-10T16:55:16+00:00\" \/>\n<meta name=\"twitter:card\" content=\"summary_large_image\" \/>\n<meta name=\"twitter:label1\" content=\"Est. reading time\" \/>\n\t<meta name=\"twitter:data1\" content=\"7 minutes\" \/>\n<script type=\"application\/ld+json\" class=\"yoast-schema-graph\">{\"@context\":\"https:\/\/schema.org\",\"@graph\":[{\"@type\":\"WebPage\",\"@id\":\"https:\/\/moodbooster.de\/about\/terms-conditions\/\",\"url\":\"https:\/\/moodbooster.de\/about\/terms-conditions\/\",\"name\":\"Terms and conditions - AGB Moodbooster Duftkerzen\",\"isPartOf\":{\"@id\":\"https:\/\/moodbooster.de\/#website\"},\"datePublished\":\"2016-10-24T11:26:20+00:00\",\"dateModified\":\"2020-08-10T16:55:16+00:00\",\"description\":\"Terms and conditions - Gesch\u00e4ftsbedingungen - Moodbooster Duftkerzen\",\"breadcrumb\":{\"@id\":\"https:\/\/moodbooster.de\/about\/terms-conditions\/#breadcrumb\"},\"inLanguage\":\"en-US\",\"potentialAction\":[{\"@type\":\"ReadAction\",\"target\":[\"https:\/\/moodbooster.de\/about\/terms-conditions\/\"]}]},{\"@type\":\"BreadcrumbList\",\"@id\":\"https:\/\/moodbooster.de\/about\/terms-conditions\/#breadcrumb\",\"itemListElement\":[{\"@type\":\"ListItem\",\"position\":1,\"name\":\"Startseite\",\"item\":\"https:\/\/moodbooster.de\/\"},{\"@type\":\"ListItem\",\"position\":2,\"name\":\"About\",\"item\":\"https:\/\/moodbooster.de\/about\/\"},{\"@type\":\"ListItem\",\"position\":3,\"name\":\"Terms &#038; Conditions\"}]},{\"@type\":\"WebSite\",\"@id\":\"https:\/\/moodbooster.de\/#website\",\"url\":\"https:\/\/moodbooster.de\/\",\"name\":\"Moodbooster\",\"description\":\"Scented candles for friends, travels and good mood.\",\"potentialAction\":[{\"@type\":\"SearchAction\",\"target\":{\"@type\":\"EntryPoint\",\"urlTemplate\":\"https:\/\/moodbooster.de\/?s={search_term_string}\"},\"query-input\":\"required name=search_term_string\"}],\"inLanguage\":\"en-US\"}]}<\/script>\n<!-- \/ Yoast SEO plugin. -->","yoast_head_json":{"title":"Terms and conditions - AGB Moodbooster Duftkerzen","description":"Terms and conditions - Gesch\u00e4ftsbedingungen - Moodbooster Duftkerzen","robots":{"index":"index","follow":"follow","max-snippet":"max-snippet:-1","max-image-preview":"max-image-preview:large","max-video-preview":"max-video-preview:-1"},"canonical":"https:\/\/moodbooster.de\/about\/terms-conditions\/","og_locale":"en_US","og_type":"article","og_title":"Terms and conditions - AGB Moodbooster Duftkerzen","og_description":"Terms and conditions - Gesch\u00e4ftsbedingungen - Moodbooster Duftkerzen","og_url":"https:\/\/moodbooster.de\/about\/terms-conditions\/","og_site_name":"Moodbooster","article_publisher":"https:\/\/www.facebook.com\/moodboostercandles","article_modified_time":"2020-08-10T16:55:16+00:00","twitter_card":"summary_large_image","twitter_misc":{"Est. reading time":"7 minutes"},"schema":{"@context":"https:\/\/schema.org","@graph":[{"@type":"WebPage","@id":"https:\/\/moodbooster.de\/about\/terms-conditions\/","url":"https:\/\/moodbooster.de\/about\/terms-conditions\/","name":"Terms and conditions - AGB Moodbooster Duftkerzen","isPartOf":{"@id":"https:\/\/moodbooster.de\/#website"},"datePublished":"2016-10-24T11:26:20+00:00","dateModified":"2020-08-10T16:55:16+00:00","description":"Terms and conditions - Gesch\u00e4ftsbedingungen - Moodbooster Duftkerzen","breadcrumb":{"@id":"https:\/\/moodbooster.de\/about\/terms-conditions\/#breadcrumb"},"inLanguage":"en-US","potentialAction":[{"@type":"ReadAction","target":["https:\/\/moodbooster.de\/about\/terms-conditions\/"]}]},{"@type":"BreadcrumbList","@id":"https:\/\/moodbooster.de\/about\/terms-conditions\/#breadcrumb","itemListElement":[{"@type":"ListItem","position":1,"name":"Startseite","item":"https:\/\/moodbooster.de\/"},{"@type":"ListItem","position":2,"name":"About","item":"https:\/\/moodbooster.de\/about\/"},{"@type":"ListItem","position":3,"name":"Terms &#038; Conditions"}]},{"@type":"WebSite","@id":"https:\/\/moodbooster.de\/#website","url":"https:\/\/moodbooster.de\/","name":"Moodbooster","description":"Scented candles for friends, travels and good mood.","potentialAction":[{"@type":"SearchAction","target":{"@type":"EntryPoint","urlTemplate":"https:\/\/moodbooster.de\/?s={search_term_string}"},"query-input":"required name=search_term_string"}],"inLanguage":"en-US"}]}},"_links":{"self":[{"href":"https:\/\/moodbooster.de\/en\/wp-json\/wp\/v2\/pages\/377"}],"collection":[{"href":"https:\/\/moodbooster.de\/en\/wp-json\/wp\/v2\/pages"}],"about":[{"href":"https:\/\/moodbooster.de\/en\/wp-json\/wp\/v2\/types\/page"}],"author":[{"embeddable":true,"href":"https:\/\/moodbooster.de\/en\/wp-json\/wp\/v2\/users\/1"}],"replies":[{"embeddable":true,"href":"https:\/\/moodbooster.de\/en\/wp-json\/wp\/v2\/comments?post=377"}],"version-history":[{"count":4,"href":"https:\/\/moodbooster.de\/en\/wp-json\/wp\/v2\/pages\/377\/revisions"}],"predecessor-version":[{"id":1677,"href":"https:\/\/moodbooster.de\/en\/wp-json\/wp\/v2\/pages\/377\/revisions\/1677"}],"up":[{"embeddable":true,"href":"https:\/\/moodbooster.de\/en\/wp-json\/wp\/v2\/pages\/1519"}],"wp:attachment":[{"href":"https:\/\/moodbooster.de\/en\/wp-json\/wp\/v2\/media?parent=377"}],"curies":[{"name":"wp","href":"https:\/\/api.w.org\/{rel}","templated":true}]}}